{"id":17,"date":"2023-03-19T10:34:22","date_gmt":"2023-03-19T10:34:22","guid":{"rendered":"http:\/\/www.asnesal.com\/?page_id=17"},"modified":"2023-03-19T10:34:22","modified_gmt":"2023-03-19T10:34:22","slug":"firma-misyonumuz","status":"publish","type":"page","link":"http:\/\/www.asnesal.com\/?page_id=17","title":{"rendered":"F\u0130RMA M\u0130SYONUMUZ"},"content":{"rendered":"<p>De\u011fi\u015fikprofildekiyat\u0131r\u0131mc\u0131lar\u0131m\u0131z\u0131nihtiya\u00e7lar\u0131n\u0131nfark\u0131ndaolarak,esnekyap\u0131m\u0131z,\u00f6nc\u00fcveyarat\u0131c\u0131\u00e7\u00f6z\u00fcmlerimizlem\u00fc\u015fterilerimizinmemnuniyetinisa\u011flarken,faaliyetg\u00f6sterdi\u011fimizalanlardag\u00fcvenilirlik,kalitevesayg\u0131sembol\u00fcolmay\u0131ama\u00e7edinmi\u015ftir<\/p>\n","protected":false},"excerpt":{"rendered":"<p>De\u011fi\u015fikprofildekiyat\u0131r\u0131mc\u0131lar\u0131m\u0131z\u0131nihtiya\u00e7lar\u0131n\u0131nfark\u0131ndaolarak,esnekyap\u0131m\u0131z,\u00f6nc\u00fcveyarat\u0131c\u0131\u00e7\u00f6z\u00fcmlerimizlem\u00fc\u015fterilerimizinmemnuniyetinisa\u011flarken,faaliyetg\u00f6sterdi\u011fimizalanlardag\u00fcvenilirlik,kalitevesayg\u0131sembol\u00fcolmay\u0131ama\u00e7edinmi\u015ftir<\/p>\n","protected":false},"author":1,"featured_media":0,"parent":0,"menu_order":0,"comment_status":"closed","ping_status":"closed","template":"","meta":{"footnotes":""},"class_list":["post-17","page","type-page","status-publish","hentry"],"_links":{"self":[{"href":"http:\/\/www.asnesal.com\/index.php?rest_route=\/wp\/v2\/pages\/17","targetHints":{"allow":["GET"]}}],"collection":[{"href":"http:\/\/www.asnesal.com\/index.php?rest_route=\/wp\/v2\/pages"}],"about":[{"href":"http:\/\/www.asnesal.com\/index.php?rest_route=\/wp\/v2\/types\/page"}],"author":[{"embeddable":true,"href":"http:\/\/www.asnesal.com\/index.php?rest_route=\/wp\/v2\/users\/1"}],"replies":[{"embeddable":true,"href":"http:\/\/www.asnesal.com\/index.php?rest_route=%2Fwp%2Fv2%2Fcomments&post=17"}],"version-history":[{"count":1,"href":"http:\/\/www.asnesal.com\/index.php?rest_route=\/wp\/v2\/pages\/17\/revisions"}],"predecessor-version":[{"id":18,"href":"http:\/\/www.asnesal.com\/index.php?rest_route=\/wp\/v2\/pages\/17\/revisions\/18"}],"wp:attachment":[{"href":"http:\/\/www.asnesal.com\/index.php?rest_route=%2Fwp%2Fv2%2Fmedia&parent=17"}],"curies":[{"name":"wp","href":"https:\/\/api.w.org\/{rel}","templated":true}]}}